{"id":703,"date":"2023-10-17T12:06:38","date_gmt":"2023-10-17T10:06:38","guid":{"rendered":"https:\/\/salty.is\/?page_id=703"},"modified":"2024-01-03T16:43:07","modified_gmt":"2024-01-03T15:43:07","slug":"cookie-policy","status":"publish","type":"page","link":"https:\/\/salty.is\/en\/cookie-policy\/","title":{"rendered":"Cookie Policy"},"content":{"rendered":"<div data-elementor-type=\"wp-page\" data-elementor-id=\"703\" class=\"elementor elementor-703\" data-elementor-post-type=\"page\">\n\t\t\t\t<div class=\"elementor-element elementor-element-5ff73bcc e-flex e-con-boxed e-con e-parent\" data-id=\"5ff73bcc\" data-element_type=\"container\">\n\t\t\t\t\t<div class=\"e-con-inner\">\n\t\t\t\t<div class=\"elementor-element elementor-element-52fb5e1b elementor-widget elementor-widget-text-editor\" data-id=\"52fb5e1b\" data-element_type=\"widget\" data-widget_type=\"text-editor.default\">\n\t\t\t\t<div class=\"elementor-widget-container\">\n\t\t\t\t\t\t\t\t\t<h3>Cookie Policy del presente sito web<\/h3>\n<p>In conformit\u00e0 con quanto disposto dal Provvedimento generale del Garante per la Protezione dei Dati Personali dell\u20198 maggio 2014, si informano gli utenti sulle modalit\u00e0 di gestione dei cookie del presente sito.<\/p>\n<p><b>COSA SONO I COOKIE<\/b><br>I \u201ccookie\u201d sono brevi file di testo che vengono scaricati sul dispositivo dell\u2019utente quando si visita un sito web. Ad ogni visita successiva i cookie sono re-inviati al sito web che li ha originati (cookie di prime parti) o a un altro sito che li riconosce (cookie di terze parti). I cookie sono utili perch\u00e9 consentono a un sito web di riconoscere il dispositivo di un utente. Essi hanno diverse finalit\u00e0 come, per esempio, consentire di navigare efficientemente tra le pagine, ricordare i siti preferiti e, in generale, migliorare l\u2019esperienza di navigazione. Contribuiscono anche ad analizzare l\u2019utilizzo che gli utenti fanno del sito (cookie analitici) o per garantire che i contenuti pubblicitari visualizzati online siano pi\u00f9 mirati all\u2019utente e ai suoi interessi (cookie di profilazione).<\/p>\n<p><b>COOKIE UTILIZZATI ALL\u2019INTERNO DEI NOSTRI SITI<\/b><br>All\u2019interno dei nostri siti utilizziamo sia cookie tecnici che cookie rilasciati da terze parti (analitici e di profilazione).<\/p>\n<p><b>Cookie tecnici<\/b><\/p>\n<p>I cookie tecnici sono quelli installati direttamente dal nostro sito con lo scopo di rendere agevole la navigazione e la fruizione dei servizi offerti ed il salvataggio delle preferenze in modo da personalizzare la navigazione, l\u2019interfaccia, la lingua, ecc. Dato che tali cookie sono installati direttamente dal nostro sito e non vengono usati per alcuno scopo ulteriore a quelli sopra descritti, la loro installazione non richiede il Suo consenso.<\/p>\n<p><b>Cookie di terze parti<\/b><\/p>\n<p>All\u2019interno del nostro sito (in tutte le pagine o solo in alcune esse) sono presenti anche cookie di terze parti la cui installazione richiede il Suo consenso e, in mancanza dello stesso, essi non verranno installati. Le ricordiamo che navigare all\u2019interno dei nostri siti equivale all\u2019esprimere il Suo consenso all\u2019installazione dei cookie ed anche cookie di terze parti qui citati potranno essere installati dai nostri siti all\u2019interno del tuo browser.<br>Ti riportiamo l\u2019elenco dei servizi (e le rispettive informative sulla privacy) che potrebbero installare cookie traccianti all\u2019interno del tuo browser durante la navigazione dei nostri siti:<\/p>\n<p>\u2022&nbsp;<b>Servizi Google<\/b>&nbsp;(es: AdWords, Analytics)<br>Profilazione dell\u2019utente per fini pubblicitari, raccolta di dati di navigazione per fini statistici e di miglioramento del sito, visualizzazione dei video di YouTube e delle mappe di Google Maps.<br><a href=\"http:\/\/www.google.com\/intl\/it\/policies\/technologies\/types\/\" target=\"_blank\" rel=\"noopener\">http:\/\/www.google.com\/intl\/it\/policies\/technologies\/types\/<\/a><br><a href=\"http:\/\/www.google.it\/intl\/it\/policies\/privacy\/\" target=\"_blank\" rel=\"noopener\">http:\/\/www.google.it\/intl\/it\/policies\/privacy\/<\/a><br>Per impedire l\u2019utilizzo dei propri dati da parte di Google Analytics \u00e8 possibile installare l\u2019apposito componente aggiuntivo del browser che disattiva il codice JavaScript di Google Analytics (ga.js, analytics.js, dc.js).<br>\u2022&nbsp;<b>Facebook<\/b><br>Facebook App e Social plugin come Like Box, Like Button, Comments, Share, Embedded Posts e simili.<br><a href=\"https:\/\/www.facebook.com\/about\/privacy\" target=\"_blank\" rel=\"noopener\">https:\/\/www.facebook.com\/about\/privacy<\/a><br>\u2022&nbsp;<b>Mailchimp&nbsp;e Mandrill App<\/b><br>Strumenti utilizzati per l\u2019invio di email<br><a href=\"https:\/\/mailchimp.com\/legal\/privacy\/\" target=\"_blank\" rel=\"noopener\">https:\/\/mailchimp.com\/legal\/privacy\/<\/a><br><\/p>\n<p><b>COME POSSO DISABILITARE I COOKIE NEL MIO BROWSER<\/b><br>Modificando la configurazione del proprio browser \u00e8 possibile decidere di disabilitare l\u2019installazione di tutti o solo di alcuni cookie secondo le proprie preferenze o necessit\u00e0. Ogni browser ha una propria procedura utile a raggiungimento di tale scopo per cui ti invitiamo a consultare la guida utente del tuo programma di navigazione oppure a visitare siti appositamente predisposti per agevolarti nell\u2019operazione come ad esempio&nbsp;<a href=\"http:\/\/cookiepedia.co.uk\/how-to-manage-cookies\" target=\"_blank\" rel=\"noopener\">http:\/\/cookiepedia.co.uk\/how-to-manage-cookies<\/a>&nbsp;e&nbsp;<a href=\"http:\/\/www.aboutcookies.org\/\" target=\"_blank\" rel=\"noopener\">http:\/\/www.aboutcookies.org\/<\/a>.<br>Per aiutarti ti indichiamo le istruzioni relative ai pi\u00f9 diffusi browser:<br>\u2022&nbsp;<a href=\"https:\/\/support.microsoft.com\/it-it\/help\/17442\/windows-internet-explorer-delete-manage-cookies\" target=\"_blank\" rel=\"noopener\">Microsoft Internet Explorer<\/a>;<br>\u2022&nbsp;<a href=\"https:\/\/support.google.com\/chrome\/answer\/95647?co=GENIE.Platform%3DDesktop&amp;amp;hl=it\" target=\"_blank\" rel=\"noopener\">Google Chrome<\/a>;<br>\u2022&nbsp;<a href=\"https:\/\/support.mozilla.org\/it\/kb\/Gestione%20dei%20cookie\" target=\"_blank\" rel=\"noopener\">Mozilla Firefox<\/a>;<br>\u2022&nbsp;<a href=\"https:\/\/support.apple.com\/it-it\/guide\/safari\/sfri11471\/mac\" target=\"_blank\" rel=\"noopener\">Apple Safari<\/a>.<\/p>\n<p><b>COME POSSO VARIARE LE MIE PREFERENZE RELATIVAMENTE ALLA PUBBLICIT\u00c0 MIRATA<\/b><br>Molte societ\u00e0 pubblicitarie consentono di interrompere la raccolta di dati sulle preferenze e le abitudini dell\u2019utente in modo da non ricevere pi\u00f9 pubblicit\u00e0 mirata. Visitando l\u2019indirizzo&nbsp;<a href=\"http:\/\/www.youronlinechoices.eu\/\" target=\"_blank\" rel=\"noopener\">http:\/\/www.youronlinechoices.eu\/<\/a>&nbsp;e&nbsp;<a href=\"http:\/\/www.networkadvertising.org\/choices\/\" target=\"_blank\" rel=\"noopener\">http:\/\/www.networkadvertising.org\/choices\/<\/a>&nbsp;\u00e8 possibile esprimere le proprie preferenze relativamente alla pubblicit\u00e0 erogata dalle societ\u00e0 aderenti (questo per\u00f2 non impedisce l\u2019installazione dei cookie).<\/p>\n<p><b>FACOLTATIVIT\u00c0 O MENO DEL CONFERIMENTO DEI DATI<\/b><br>Il rilascio di cookie pu\u00f2 essere rifiutato non proseguendo nella navigazione oppure inibito<br>intervenendo sulle impostazioni del proprio browser. I dati di navigazione saranno comunque<br>acquisiti dai nostri sistemi in maniera automatizzata. Al di l\u00e0 di questo, l\u2019utente \u00e8 libero di fornire<br>dati personali mediante invio di comunicazioni spontanee ai recapiti telefonici o di posta elettronica<br>presenti sui nostri siti. Il loro mancato, parziale od errato conferimento pu\u00f2 comportare<br>l\u2019impossibilit\u00e0 di ottenere quanto richiesto.<\/p>\n<p><b>PRIVACY POLICY ED ESERCIZIO DEI DIRITTI SUI DATI<\/b><br>Per saperne di pi\u00f9 su come Babotel tratta i dati degli utenti del sito e per esercitare i diritti garantiti dal GDPR, ti invitiamo consultare la nostra&nbsp;<a href=\"https:\/\/salty.is\/en\/privacy-policy\/\">Privacy Policy<\/a>.<\/p>\t\t\t\t\t\t\t\t<\/div>\n\t\t\t\t<\/div>\n\t\t\t\t\t<\/div>\n\t\t\t\t<\/div>\n\t\t\t\t<\/div>","protected":false},"excerpt":{"rendered":"<p>Cookie Policy del presente sito web In conformit\u00e0 con quanto disposto dal Provvedimento generale del Garante per la Protezione dei Dati Personali [&hellip;]<\/p>","protected":false},"author":1,"featured_media":0,"parent":0,"menu_order":0,"comment_status":"closed","ping_status":"closed","template":"","meta":{"_acf_changed":false,"footnotes":""},"class_list":["post-703","page","type-page","status-publish","hentry"],"acf":[],"_links":{"self":[{"href":"https:\/\/salty.is\/en\/wp-json\/wp\/v2\/pages\/703","targetHints":{"allow":["GET"]}}],"collection":[{"href":"https:\/\/salty.is\/en\/wp-json\/wp\/v2\/pages"}],"about":[{"href":"https:\/\/salty.is\/en\/wp-json\/wp\/v2\/types\/page"}],"author":[{"embeddable":true,"href":"https:\/\/salty.is\/en\/wp-json\/wp\/v2\/users\/1"}],"replies":[{"embeddable":true,"href":"https:\/\/salty.is\/en\/wp-json\/wp\/v2\/comments?post=703"}],"version-history":[{"count":4,"href":"https:\/\/salty.is\/en\/wp-json\/wp\/v2\/pages\/703\/revisions"}],"predecessor-version":[{"id":707,"href":"https:\/\/salty.is\/en\/wp-json\/wp\/v2\/pages\/703\/revisions\/707"}],"wp:attachment":[{"href":"https:\/\/salty.is\/en\/wp-json\/wp\/v2\/media?parent=703"}],"curies":[{"name":"wp","href":"https:\/\/api.w.org\/{rel}","templated":true}]}}